{"id":7065,"date":"2021-10-22T04:30:43","date_gmt":"2021-10-22T04:30:43","guid":{"rendered":"https:\/\/rheintal.com\/entdecken\/kultur\/"},"modified":"2021-10-22T07:38:30","modified_gmt":"2021-10-22T07:38:30","slug":"kultur","status":"publish","type":"page","link":"https:\/\/rheintal.com\/en\/entdecken\/kultur\/","title":{"rendered":"Kultur"},"content":{"rendered":"\t\t<div data-elementor-type=\"wp-page\" data-elementor-id=\"7065\" class=\"elementor elementor-7065 elementor-3204\">\n\t\t\t\t\t\t<section class=\"elementor-section elementor-top-section elementor-element elementor-element-30aac62 elementor-section-boxed elementor-section-height-default elementor-section-height-default\" data-id=\"30aac62\" data-element_type=\"section\">\n\t\t\t\t\t\t<div class=\"elementor-container elementor-column-gap-default\">\n\t\t\t\t\t<div class=\"elementor-column elementor-col-100 elementor-top-column elementor-element elementor-element-c32a608\" data-id=\"c32a608\" data-element_type=\"column\">\n\t\t\t<div class=\"elementor-widget-wrap elementor-element-populated\">\n\t\t\t\t\t\t<div class=\"elementor-element elementor-element-273943a elementor-widget elementor-widget-page-heading-widget\" data-id=\"273943a\" data-element_type=\"widget\" data-widget_type=\"page-heading-widget.default\">\n\t\t\t\t<div class=\"elementor-widget-container\">\n\t\t\t\t\t<div class=\"phw-container\"><div class=\"phw-inner\"><a class=\"phw-back-button\" href=\"javascript:history.go(-1);\">\n                <svg width=\"72\" height=\"10\" viewBox=\"0 0 72 10\" fill=\"none\" xmlns=\"http:\/\/www.w3.org\/2000\/svg\">\n                <path d=\"M71.0003 5H1\" stroke=\"#003A5D\" stroke-width=\"2\" stroke-miterlimit=\"10\" stroke-linecap=\"round\" stroke-linejoin=\"round\"\/>\n                <path d=\"M6 9L1 5L6 1\" stroke=\"#003A5D\" stroke-width=\"2\" stroke-miterlimit=\"10\" stroke-linecap=\"round\" stroke-linejoin=\"round\"\/>\n                <\/svg>\n              <\/a><div class=\"phw-content\"><h2 class=\"phw-title\">Culture<\/h2><div class=\"phw-svg\"><img decoding=\"async\" src=\"  \" \/><\/div><\/div><\/div><\/div>\t\t\t\t<\/div>\n\t\t\t\t<\/div>\n\t\t\t\t<div class=\"elementor-element elementor-element-587ccf7 rheintext-elementor-text elementor-widget elementor-widget-text-editor\" data-id=\"587ccf7\" data-element_type=\"widget\" data-widget_type=\"text-editor.default\">\n\t\t\t\t<div class=\"elementor-widget-container\">\n\t\t\t\t\t\t\t\t\tWe Rheintalers cultivate not only Ribel maize fields, grapevines and club life. Countless museums of the most diverse orientations bear witness to our open spirit. And on the boards that mean the valley, tradition and trends are staged, sometimes loudly, sometimes quietly. The main thing is that everything is characterized by the same passion as our surrounding set design.\t\t\t\t\t\t\t\t<\/div>\n\t\t\t\t<\/div>\n\t\t\t\t\t<\/div>\n\t\t<\/div>\n\t\t\t\t\t<\/div>\n\t\t<\/section>\n\t\t\t\t<section class=\"elementor-section elementor-top-section elementor-element elementor-element-c42a9b1 elementor-section-boxed elementor-section-height-default elementor-section-height-default elementor-invisible\" data-id=\"c42a9b1\" data-element_type=\"section\" id=\"first-content\" data-settings=\"{&quot;animation&quot;:&quot;fadeInUp&quot;}\">\n\t\t\t\t\t\t<div class=\"elementor-container elementor-column-gap-default\">\n\t\t\t\t\t<div class=\"elementor-column elementor-col-100 elementor-top-column elementor-element elementor-element-f50cee8\" data-id=\"f50cee8\" data-element_type=\"column\">\n\t\t\t<div class=\"elementor-widget-wrap elementor-element-populated\">\n\t\t\t\t\t\t<div class=\"elementor-element elementor-element-07da5fc elementor-widget elementor-widget-image-carousel\" data-id=\"07da5fc\" data-element_type=\"widget\" data-settings=\"{&quot;navigation&quot;:&quot;none&quot;,&quot;slides_to_show&quot;:&quot;1&quot;,&quot;autoplay&quot;:&quot;yes&quot;,&quot;pause_on_hover&quot;:&quot;yes&quot;,&quot;pause_on_interaction&quot;:&quot;yes&quot;,&quot;autoplay_speed&quot;:5000,&quot;infinite&quot;:&quot;yes&quot;,&quot;effect&quot;:&quot;slide&quot;,&quot;speed&quot;:500}\" data-widget_type=\"image-carousel.default\">\n\t\t\t\t<div class=\"elementor-widget-container\">\n\t\t\t\t\t\t\t<div class=\"elementor-image-carousel-wrapper swiper\" role=\"region\" aria-roledescription=\"carousel\" aria-label=\"Image Carousel\" dir=\"ltr\">\n\t\t\t<div class=\"elementor-image-carousel swiper-wrapper\" aria-live=\"off\">\n\t\t\t\t\t\t\t\t<div class=\"swiper-slide\" role=\"group\" aria-roledescription=\"slide\" aria-label=\"1 of 1\"><figure class=\"swiper-slide-inner\"><img decoding=\"async\" class=\"swiper-slide-image\" src=\"https:\/\/rheintal.com\/wp-content\/uploads\/rheintal-kultur-feature.jpg\" alt=\"rheintal-kultur-feature\" \/><\/figure><\/div>\t\t\t<\/div>\n\t\t\t\t\t<\/div>\n\t\t\t\t\t\t<\/div>\n\t\t\t\t<\/div>\n\t\t\t\t\t<\/div>\n\t\t<\/div>\n\t\t\t\t\t<\/div>\n\t\t<\/section>\n\t\t\t\t<section class=\"elementor-section elementor-top-section elementor-element elementor-element-605726e elementor-hidden-desktop elementor-hidden-tablet elementor-hidden-phone elementor-section-boxed elementor-section-height-default elementor-section-height-default\" data-id=\"605726e\" data-element_type=\"section\">\n\t\t\t\t\t\t<div class=\"elementor-container elementor-column-gap-default\">\n\t\t\t\t\t<div class=\"elementor-column elementor-col-100 elementor-top-column elementor-element elementor-element-1069833\" data-id=\"1069833\" data-element_type=\"column\">\n\t\t\t<div class=\"elementor-widget-wrap elementor-element-populated\">\n\t\t\t\t\t\t<div class=\"elementor-element elementor-element-33e6708 rheintext-elementor-text elementor-widget elementor-widget-text-editor\" data-id=\"33e6708\" data-element_type=\"widget\" data-widget_type=\"text-editor.default\">\n\t\t\t\t<div class=\"elementor-widget-container\">\n\t\t\t\t\t\t\t\t\t<p>Lorem ipsum dolor sit amet, consectetur adipiscing elit. Fames senectus sit luctus cras non vulputate malesuada. Quam aliquam duis dis vel. Integer elementum, iaculis donec nunc habitant augue. Non commodo orci tempor consectetur.<\/p>\n\t\t\t\t\t\t\t\t<\/div>\n\t\t\t\t<\/div>\n\t\t\t\t\t<\/div>\n\t\t<\/div>\n\t\t\t\t\t<\/div>\n\t\t<\/section>\n\t\t\t\t<section class=\"elementor-section elementor-top-section elementor-element elementor-element-1167305 elementor-section-boxed elementor-section-height-default elementor-section-height-default elementor-invisible\" data-id=\"1167305\" data-element_type=\"section\" data-settings=\"{&quot;animation&quot;:&quot;fadeInUp&quot;}\">\n\t\t\t\t\t\t<div class=\"elementor-container elementor-column-gap-default\">\n\t\t\t\t\t<div class=\"elementor-column elementor-col-100 elementor-top-column elementor-element elementor-element-7b9b354\" data-id=\"7b9b354\" data-element_type=\"column\">\n\t\t\t<div class=\"elementor-widget-wrap elementor-element-populated\">\n\t\t\t\t\t\t<div class=\"elementor-element elementor-element-1af0aae elementor-widget elementor-widget-Load More\" data-id=\"1af0aae\" data-element_type=\"widget\" data-widget_type=\"Load More.default\">\n\t\t\t\t<div class=\"elementor-widget-container\">\n\t\t\t\t\t\n                <div class=\"entdecken-wrapper\">\n            <div class=\"entdecken-rows\">\n                                <div class=\"entdecken-row-inner\">\n                    <a class=\"entdecken-photo\" target=\"_blank\" href=\"http:\/\/www.roellelibutzen.ch\/home.html\" style=\"background: url(https:\/\/rheintal.com\/wp-content\/uploads\/rheintal-altstaetter-fasnacht.jpg) center\/cover no-repeat\"><\/a>\n                    <div class=\"entdecken-info\">\n                        <h5 class=\"entdecken-title\"><a target=\"_blank\" href=\"http:\/\/www.roellelibutzen.ch\/home.html\">Altst\u00e4tter Fasnacht<\/a><\/h5>\n                        <div class=\"entdecken-subtitle\"><a target=\"_blank\" href=\"http:\/\/www.roellelibutzen.ch\/home.html\">to the website<\/a><\/div>\n                    <\/div>\n                <\/div>\n                                <div class=\"entdecken-row-inner\">\n                    <a class=\"entdecken-photo\" target=\"_blank\" href=\"https:\/\/www.ballettschule-rossetti.ch\/\" style=\"background: url(https:\/\/rheintal.com\/wp-content\/uploads\/rheintal-Ballettschule-Veronica-Rossetti-Au.jpg) center\/cover no-repeat\"><\/a>\n                    <div class=\"entdecken-info\">\n                        <h5 class=\"entdecken-title\"><a target=\"_blank\" href=\"https:\/\/www.ballettschule-rossetti.ch\/\">Ballettschule Veronica Rossetti, Au<\/a><\/h5>\n                        <div class=\"entdecken-subtitle\"><a target=\"_blank\" href=\"https:\/\/www.ballettschule-rossetti.ch\/\">to the website<\/a><\/div>\n                    <\/div>\n                <\/div>\n                                <div class=\"entdecken-row-inner\">\n                    <a class=\"entdecken-photo\" target=\"_blank\" href=\"https:\/\/www.wein-berneck.ch\/index.php?page=aktuell\" style=\"background: url(https:\/\/rheintal.com\/wp-content\/uploads\/rheintal-Befluegelter-Freitag.jpg) center\/cover no-repeat\"><\/a>\n                    <div class=\"entdecken-info\">\n                        <h5 class=\"entdecken-title\"><a target=\"_blank\" href=\"https:\/\/www.wein-berneck.ch\/index.php?page=aktuell\">Befl\u00fcgelter Freitag, Berneck<\/a><\/h5>\n                        <div class=\"entdecken-subtitle\"><a target=\"_blank\" href=\"https:\/\/www.wein-berneck.ch\/index.php?page=aktuell\">to the website<\/a><\/div>\n                    <\/div>\n                <\/div>\n                                <div class=\"entdecken-row-inner\">\n                    <a class=\"entdecken-photo\" target=\"_blank\" href=\"https:\/\/www.diogenes-theater.ch\/\" style=\"background: url(https:\/\/rheintal.com\/wp-content\/uploads\/rheintal-diogenes-theater.jpg) center\/cover no-repeat\"><\/a>\n                    <div class=\"entdecken-info\">\n                        <h5 class=\"entdecken-title\"><a target=\"_blank\" href=\"https:\/\/www.diogenes-theater.ch\/\">Diogenes Theater, Altst\u00e4tten<\/a><\/h5>\n                        <div class=\"entdecken-subtitle\"><a target=\"_blank\" href=\"https:\/\/www.diogenes-theater.ch\/\">to the website<\/a><\/div>\n                    <\/div>\n                <\/div>\n                                <div class=\"entdecken-row-inner\">\n                    <a class=\"entdecken-photo\" target=\"_blank\" href=\"https:\/\/festung.ch\/\" style=\"background: url(https:\/\/rheintal.com\/wp-content\/uploads\/rheintal-Festungsmuseum-Heldsberg.jpg) center\/cover no-repeat\"><\/a>\n                    <div class=\"entdecken-info\">\n                        <h5 class=\"entdecken-title\"><a target=\"_blank\" href=\"https:\/\/festung.ch\/\">Festungsmuseum Heldsberg, St. Margrethen<\/a><\/h5>\n                        <div class=\"entdecken-subtitle\"><a target=\"_blank\" href=\"https:\/\/festung.ch\/\">to the website<\/a><\/div>\n                    <\/div>\n                <\/div>\n                                <div class=\"entdecken-row-inner\">\n                    <a class=\"entdecken-photo\" target=\"_blank\" href=\"https:\/\/fliegermuseum.ch\/\" style=\"background: url(https:\/\/rheintal.com\/wp-content\/uploads\/rheintal-Fliegermuseum-Altenrhein.jpg) center\/cover no-repeat\"><\/a>\n                    <div class=\"entdecken-info\">\n                        <h5 class=\"entdecken-title\"><a target=\"_blank\" href=\"https:\/\/fliegermuseum.ch\/\">Fliegermuseum Altenrhein<\/a><\/h5>\n                        <div class=\"entdecken-subtitle\"><a target=\"_blank\" href=\"https:\/\/fliegermuseum.ch\/\">to the website<\/a><\/div>\n                    <\/div>\n                <\/div>\n                                                    <div class=\"loadmore-wrap\">\n                        <button class=\"btn-loadmore more\" data-post-term=\"kultur\" data-page=\"1\" data-max-page=\"4\" rel=\"next\" type=\"button\">&nbsp;<\/button>\n                    <\/div>\n                            <\/div>\n        <\/div>\n\n        \t\t\t\t<\/div>\n\t\t\t\t<\/div>\n\t\t\t\t\t<\/div>\n\t\t<\/div>\n\t\t\t\t\t<\/div>\n\t\t<\/section>\n\t\t\t\t<\/div>\n\t\t","protected":false},"excerpt":{"rendered":"<p>Culture We Rheintalers cultivate not only Ribel maize fields, grapevines and club life. Countless museums of the most diverse orientations bear witness to our open spirit. And on the boards that mean the valley, tradition and trends are staged, sometimes loudly, sometimes quietly. The main thing is that everything is characterized by the same passion&hellip; <a class=\"more-link\" href=\"https:\/\/rheintal.com\/en\/entdecken\/kultur\/\">Continue reading <span class=\"screen-reader-text\">Kultur<\/span><\/a><\/p>\n","protected":false},"author":1,"featured_media":0,"parent":6839,"menu_order":10,"comment_status":"closed","ping_status":"closed","template":"templates\/template-page.php","meta":{"footnotes":""},"class_list":["post-7065","page","type-page","status-publish","hentry","entry"],"yoast_head":"<!-- This site is optimized with the Yoast SEO plugin v25.3 - https:\/\/yoast.com\/wordpress\/plugins\/seo\/ -->\n<title>Unser sch\u00f6nes vielf\u00e4ltiges Tal ist b\u00fchnenreif - rheintal.com<\/title>\n<meta name=\"description\" content=\"Wir kultivieren nicht nur Ribelmaisfelder, Weinreben und das Vereinsleben. Unz\u00e4hlige Museen und Anl\u00e4sse zeugen von offenem Geist.\" \/>\n<meta name=\"robots\" content=\"index, follow, max-snippet:-1, max-image-preview:large, max-video-preview:-1\" \/>\n<link rel=\"canonical\" href=\"https:\/\/rheintal.com\/en\/entdecken\/kultur\/\" \/>\n<meta property=\"og:locale\" content=\"en_US\" \/>\n<meta property=\"og:type\" content=\"article\" \/>\n<meta property=\"og:title\" content=\"Unser sch\u00f6nes vielf\u00e4ltiges Tal ist b\u00fchnenreif - rheintal.com\" \/>\n<meta property=\"og:description\" content=\"Wir kultivieren nicht nur Ribelmaisfelder, Weinreben und das Vereinsleben. Unz\u00e4hlige Museen und Anl\u00e4sse zeugen von offenem Geist.\" \/>\n<meta property=\"og:url\" content=\"https:\/\/rheintal.com\/en\/entdecken\/kultur\/\" \/>\n<meta property=\"og:site_name\" content=\"rheintal.com\" \/>\n<meta property=\"article:modified_time\" content=\"2021-10-22T07:38:30+00:00\" \/>\n<meta property=\"og:image\" content=\"https:\/\/rheintal.com\/wp-content\/uploads\/rheintal-kultur-feature.jpg\" \/>\n<meta name=\"twitter:card\" content=\"summary_large_image\" \/>\n<meta name=\"twitter:label1\" content=\"Est. reading time\" \/>\n\t<meta name=\"twitter:data1\" content=\"1 minute\" \/>\n<script type=\"application\/ld+json\" class=\"yoast-schema-graph\">{\"@context\":\"https:\/\/schema.org\",\"@graph\":[{\"@type\":\"WebPage\",\"@id\":\"https:\/\/rheintal.com\/en\/entdecken\/kultur\/\",\"url\":\"https:\/\/rheintal.com\/en\/entdecken\/kultur\/\",\"name\":\"Unser sch\u00f6nes vielf\u00e4ltiges Tal ist b\u00fchnenreif - rheintal.com\",\"isPartOf\":{\"@id\":\"https:\/\/rheintal.com\/#website\"},\"primaryImageOfPage\":{\"@id\":\"https:\/\/rheintal.com\/en\/entdecken\/kultur\/#primaryimage\"},\"image\":{\"@id\":\"https:\/\/rheintal.com\/en\/entdecken\/kultur\/#primaryimage\"},\"thumbnailUrl\":\"https:\/\/rheintal.com\/wp-content\/uploads\/rheintal-kultur-feature.jpg\",\"datePublished\":\"2021-10-22T04:30:43+00:00\",\"dateModified\":\"2021-10-22T07:38:30+00:00\",\"description\":\"Wir kultivieren nicht nur Ribelmaisfelder, Weinreben und das Vereinsleben. Unz\u00e4hlige Museen und Anl\u00e4sse zeugen von offenem Geist.\",\"breadcrumb\":{\"@id\":\"https:\/\/rheintal.com\/en\/entdecken\/kultur\/#breadcrumb\"},\"inLanguage\":\"en-US\",\"potentialAction\":[{\"@type\":\"ReadAction\",\"target\":[\"https:\/\/rheintal.com\/en\/entdecken\/kultur\/\"]}]},{\"@type\":\"ImageObject\",\"inLanguage\":\"en-US\",\"@id\":\"https:\/\/rheintal.com\/en\/entdecken\/kultur\/#primaryimage\",\"url\":\"https:\/\/rheintal.com\/wp-content\/uploads\/rheintal-kultur-feature.jpg\",\"contentUrl\":\"https:\/\/rheintal.com\/wp-content\/uploads\/rheintal-kultur-feature.jpg\"},{\"@type\":\"BreadcrumbList\",\"@id\":\"https:\/\/rheintal.com\/en\/entdecken\/kultur\/#breadcrumb\",\"itemListElement\":[{\"@type\":\"ListItem\",\"position\":1,\"name\":\"Home\",\"item\":\"https:\/\/rheintal.com\/en\/\"},{\"@type\":\"ListItem\",\"position\":2,\"name\":\"Discover\",\"item\":\"https:\/\/rheintal.com\/en\/entdecken\/\"},{\"@type\":\"ListItem\",\"position\":3,\"name\":\"Kultur\"}]},{\"@type\":\"WebSite\",\"@id\":\"https:\/\/rheintal.com\/#website\",\"url\":\"https:\/\/rheintal.com\/\",\"name\":\"rheintal.com\",\"description\":\"\",\"potentialAction\":[{\"@type\":\"SearchAction\",\"target\":{\"@type\":\"EntryPoint\",\"urlTemplate\":\"https:\/\/rheintal.com\/?s={search_term_string}\"},\"query-input\":{\"@type\":\"PropertyValueSpecification\",\"valueRequired\":true,\"valueName\":\"search_term_string\"}}],\"inLanguage\":\"en-US\"}]}<\/script>\n<!-- \/ Yoast SEO plugin. -->","yoast_head_json":{"title":"Unser sch\u00f6nes vielf\u00e4ltiges Tal ist b\u00fchnenreif - rheintal.com","description":"Wir kultivieren nicht nur Ribelmaisfelder, Weinreben und das Vereinsleben. Unz\u00e4hlige Museen und Anl\u00e4sse zeugen von offenem Geist.","robots":{"index":"index","follow":"follow","max-snippet":"max-snippet:-1","max-image-preview":"max-image-preview:large","max-video-preview":"max-video-preview:-1"},"canonical":"https:\/\/rheintal.com\/en\/entdecken\/kultur\/","og_locale":"en_US","og_type":"article","og_title":"Unser sch\u00f6nes vielf\u00e4ltiges Tal ist b\u00fchnenreif - rheintal.com","og_description":"Wir kultivieren nicht nur Ribelmaisfelder, Weinreben und das Vereinsleben. Unz\u00e4hlige Museen und Anl\u00e4sse zeugen von offenem Geist.","og_url":"https:\/\/rheintal.com\/en\/entdecken\/kultur\/","og_site_name":"rheintal.com","article_modified_time":"2021-10-22T07:38:30+00:00","og_image":[{"url":"https:\/\/rheintal.com\/wp-content\/uploads\/rheintal-kultur-feature.jpg","type":"","width":"","height":""}],"twitter_card":"summary_large_image","twitter_misc":{"Est. reading time":"1 minute"},"schema":{"@context":"https:\/\/schema.org","@graph":[{"@type":"WebPage","@id":"https:\/\/rheintal.com\/en\/entdecken\/kultur\/","url":"https:\/\/rheintal.com\/en\/entdecken\/kultur\/","name":"Unser sch\u00f6nes vielf\u00e4ltiges Tal ist b\u00fchnenreif - rheintal.com","isPartOf":{"@id":"https:\/\/rheintal.com\/#website"},"primaryImageOfPage":{"@id":"https:\/\/rheintal.com\/en\/entdecken\/kultur\/#primaryimage"},"image":{"@id":"https:\/\/rheintal.com\/en\/entdecken\/kultur\/#primaryimage"},"thumbnailUrl":"https:\/\/rheintal.com\/wp-content\/uploads\/rheintal-kultur-feature.jpg","datePublished":"2021-10-22T04:30:43+00:00","dateModified":"2021-10-22T07:38:30+00:00","description":"Wir kultivieren nicht nur Ribelmaisfelder, Weinreben und das Vereinsleben. Unz\u00e4hlige Museen und Anl\u00e4sse zeugen von offenem Geist.","breadcrumb":{"@id":"https:\/\/rheintal.com\/en\/entdecken\/kultur\/#breadcrumb"},"inLanguage":"en-US","potentialAction":[{"@type":"ReadAction","target":["https:\/\/rheintal.com\/en\/entdecken\/kultur\/"]}]},{"@type":"ImageObject","inLanguage":"en-US","@id":"https:\/\/rheintal.com\/en\/entdecken\/kultur\/#primaryimage","url":"https:\/\/rheintal.com\/wp-content\/uploads\/rheintal-kultur-feature.jpg","contentUrl":"https:\/\/rheintal.com\/wp-content\/uploads\/rheintal-kultur-feature.jpg"},{"@type":"BreadcrumbList","@id":"https:\/\/rheintal.com\/en\/entdecken\/kultur\/#breadcrumb","itemListElement":[{"@type":"ListItem","position":1,"name":"Home","item":"https:\/\/rheintal.com\/en\/"},{"@type":"ListItem","position":2,"name":"Discover","item":"https:\/\/rheintal.com\/en\/entdecken\/"},{"@type":"ListItem","position":3,"name":"Kultur"}]},{"@type":"WebSite","@id":"https:\/\/rheintal.com\/#website","url":"https:\/\/rheintal.com\/","name":"rheintal.com","description":"","potentialAction":[{"@type":"SearchAction","target":{"@type":"EntryPoint","urlTemplate":"https:\/\/rheintal.com\/?s={search_term_string}"},"query-input":{"@type":"PropertyValueSpecification","valueRequired":true,"valueName":"search_term_string"}}],"inLanguage":"en-US"}]}},"_links":{"self":[{"href":"https:\/\/rheintal.com\/en\/wp-json\/wp\/v2\/pages\/7065","targetHints":{"allow":["GET"]}}],"collection":[{"href":"https:\/\/rheintal.com\/en\/wp-json\/wp\/v2\/pages"}],"about":[{"href":"https:\/\/rheintal.com\/en\/wp-json\/wp\/v2\/types\/page"}],"author":[{"embeddable":true,"href":"https:\/\/rheintal.com\/en\/wp-json\/wp\/v2\/users\/1"}],"replies":[{"embeddable":true,"href":"https:\/\/rheintal.com\/en\/wp-json\/wp\/v2\/comments?post=7065"}],"version-history":[{"count":4,"href":"https:\/\/rheintal.com\/en\/wp-json\/wp\/v2\/pages\/7065\/revisions"}],"predecessor-version":[{"id":7159,"href":"https:\/\/rheintal.com\/en\/wp-json\/wp\/v2\/pages\/7065\/revisions\/7159"}],"up":[{"embeddable":true,"href":"https:\/\/rheintal.com\/en\/wp-json\/wp\/v2\/pages\/6839"}],"wp:attachment":[{"href":"https:\/\/rheintal.com\/en\/wp-json\/wp\/v2\/media?parent=7065"}],"curies":[{"name":"wp","href":"https:\/\/api.w.org\/{rel}","templated":true}]}}